{"id":787,"date":"2026-01-03T12:04:29","date_gmt":"2026-01-03T11:04:29","guid":{"rendered":"https:\/\/mayer.fichtelberggast.eu\/?page_id=787"},"modified":"2026-01-03T12:05:52","modified_gmt":"2026-01-03T11:05:52","slug":"impressum","status":"publish","type":"page","link":"https:\/\/mayer.fichtelberggast.eu\/index.php\/impressum\/","title":{"rendered":"Impressum"},"content":{"rendered":"\t\t<div data-elementor-type=\"wp-page\" data-elementor-id=\"787\" class=\"elementor elementor-787\">\n\t\t\t\t<div class=\"elementor-element elementor-element-2d174fb e-flex e-con-boxed wpr-particle-no wpr-jarallax-no wpr-parallax-no wpr-sticky-section-no e-con e-parent\" data-id=\"2d174fb\" data-element_type=\"container\">\n\t\t\t\t\t<div class=\"e-con-inner\">\n\t\t\t\t<div class=\"elementor-element elementor-element-e456437 elementor-widget elementor-widget-spacer\" data-id=\"e456437\" data-element_type=\"widget\" data-widget_type=\"spacer.default\">\n\t\t\t\t\t\t\t<div class=\"elementor-spacer\">\n\t\t\t<div class=\"elementor-spacer-inner\"><\/div>\n\t\t<\/div>\n\t\t\t\t\t\t<\/div>\n\t\t\t\t<div class=\"elementor-element elementor-element-fec9012 elementor-widget elementor-widget-text-editor\" data-id=\"fec9012\" data-element_type=\"widget\" data-widget_type=\"text-editor.default\">\n\t\t\t\t\t\t\t\t\t<p><strong>IMPRESSUM<\/strong><\/p><p><strong>Gy\u00f6re G\u00e1bor &#8211; Wild West Restaurant<\/strong><br \/><strong>und Das kleine Landhof im<\/strong><br \/><strong>Fichtelgebirge<\/strong><\/p><p><strong>Steuernummer:<\/strong> DE320385654<br \/><strong>Sitz:<\/strong> Fichtelberg<br \/>Gablonzer Strasse 16<br \/>95686<\/p><p><strong>Webseite:<\/strong> www.wildwestgasthaus.de<br \/><strong>E-Mail:<\/strong> info@wildwestgasthaus.de<br \/><strong>Telefonnummer:<\/strong> +49 9272 9097223<\/p><p><strong>Hosting-Anbieter:<\/strong>\u00a0A2Hosting Inc.<\/p>\t\t\t\t\t\t\t\t<\/div>\n\t\t\t\t\t<\/div>\n\t\t\t\t<\/div>\n\t\t\t\t<\/div>\n\t\t","protected":false},"excerpt":{"rendered":"<p>IMPRESSUM Gy\u00f6re G\u00e1bor &#8211; Wild West Restaurantund Das kleine Landhof imFichtelgebirge Steuernummer: DE320385654Sitz: FichtelbergGablonzer Strasse 1695686 Webseite: www.wildwestgasthaus.deE-Mail: info@wildwestgasthaus.deTelefonnummer: +49 9272 9097223 Hosting-Anbieter:\u00a0A2Hosting Inc.<\/p>\n","protected":false},"author":1,"featured_media":0,"parent":0,"menu_order":0,"comment_status":"closed","ping_status":"closed","template":"","meta":{"footnotes":""},"class_list":["post-787","page","type-page","status-publish","hentry","entry"],"yoast_head":"<!-- This site is optimized with the Yoast SEO plugin v26.6 - https:\/\/yoast.com\/wordpress\/plugins\/seo\/ -->\n<title>Impressum - Fr\u00fcchte im Glas<\/title>\n<meta name=\"robots\" content=\"index, follow, max-snippet:-1, max-image-preview:large, max-video-preview:-1\" \/>\n<link rel=\"canonical\" href=\"https:\/\/mayer.fichtelberggast.eu\/index.php\/impressum\/\" \/>\n<meta property=\"og:locale\" content=\"de_DE\" \/>\n<meta property=\"og:type\" content=\"article\" \/>\n<meta property=\"og:title\" content=\"Impressum - Fr\u00fcchte im Glas\" \/>\n<meta property=\"og:description\" content=\"IMPRESSUM Gy\u00f6re G\u00e1bor &#8211; Wild West Restaurantund Das kleine Landhof imFichtelgebirge Steuernummer: DE320385654Sitz: FichtelbergGablonzer Strasse 1695686 Webseite: www.wildwestgasthaus.deE-Mail: info@wildwestgasthaus.deTelefonnummer: +49 9272 9097223 Hosting-Anbieter:\u00a0A2Hosting Inc.\" \/>\n<meta property=\"og:url\" content=\"https:\/\/mayer.fichtelberggast.eu\/index.php\/impressum\/\" \/>\n<meta property=\"og:site_name\" content=\"Fr\u00fcchte im Glas\" \/>\n<meta property=\"article:modified_time\" content=\"2026-01-03T11:05:52+00:00\" \/>\n<meta name=\"twitter:card\" content=\"summary_large_image\" \/>\n<meta name=\"twitter:label1\" content=\"Gesch\u00e4tzte Lesezeit\" \/>\n\t<meta name=\"twitter:data1\" content=\"1\u00a0Minute\" \/>\n<script type=\"application\/ld+json\" class=\"yoast-schema-graph\">{\"@context\":\"https:\/\/schema.org\",\"@graph\":[{\"@type\":\"WebPage\",\"@id\":\"https:\/\/mayer.fichtelberggast.eu\/index.php\/impressum\/\",\"url\":\"https:\/\/mayer.fichtelberggast.eu\/index.php\/impressum\/\",\"name\":\"Impressum - Fr\u00fcchte im Glas\",\"isPartOf\":{\"@id\":\"https:\/\/mayer.fichtelberggast.eu\/#website\"},\"datePublished\":\"2026-01-03T11:04:29+00:00\",\"dateModified\":\"2026-01-03T11:05:52+00:00\",\"breadcrumb\":{\"@id\":\"https:\/\/mayer.fichtelberggast.eu\/index.php\/impressum\/#breadcrumb\"},\"inLanguage\":\"de\",\"potentialAction\":[{\"@type\":\"ReadAction\",\"target\":[\"https:\/\/mayer.fichtelberggast.eu\/index.php\/impressum\/\"]}]},{\"@type\":\"BreadcrumbList\",\"@id\":\"https:\/\/mayer.fichtelberggast.eu\/index.php\/impressum\/#breadcrumb\",\"itemListElement\":[{\"@type\":\"ListItem\",\"position\":1,\"name\":\"Kezd\u0151lap\",\"item\":\"https:\/\/mayer.fichtelberggast.eu\/\"},{\"@type\":\"ListItem\",\"position\":2,\"name\":\"Impressum\"}]},{\"@type\":\"WebSite\",\"@id\":\"https:\/\/mayer.fichtelberggast.eu\/#website\",\"url\":\"https:\/\/mayer.fichtelberggast.eu\/\",\"name\":\"Fr\u00fcchte im Glas\",\"description\":\"\",\"potentialAction\":[{\"@type\":\"SearchAction\",\"target\":{\"@type\":\"EntryPoint\",\"urlTemplate\":\"https:\/\/mayer.fichtelberggast.eu\/?s={search_term_string}\"},\"query-input\":{\"@type\":\"PropertyValueSpecification\",\"valueRequired\":true,\"valueName\":\"search_term_string\"}}],\"inLanguage\":\"de\"}]}<\/script>\n<!-- \/ Yoast SEO plugin. -->","yoast_head_json":{"title":"Impressum - Fr\u00fcchte im Glas","robots":{"index":"index","follow":"follow","max-snippet":"max-snippet:-1","max-image-preview":"max-image-preview:large","max-video-preview":"max-video-preview:-1"},"canonical":"https:\/\/mayer.fichtelberggast.eu\/index.php\/impressum\/","og_locale":"de_DE","og_type":"article","og_title":"Impressum - Fr\u00fcchte im Glas","og_description":"IMPRESSUM Gy\u00f6re G\u00e1bor &#8211; Wild West Restaurantund Das kleine Landhof imFichtelgebirge Steuernummer: DE320385654Sitz: FichtelbergGablonzer Strasse 1695686 Webseite: www.wildwestgasthaus.deE-Mail: info@wildwestgasthaus.deTelefonnummer: +49 9272 9097223 Hosting-Anbieter:\u00a0A2Hosting Inc.","og_url":"https:\/\/mayer.fichtelberggast.eu\/index.php\/impressum\/","og_site_name":"Fr\u00fcchte im Glas","article_modified_time":"2026-01-03T11:05:52+00:00","twitter_card":"summary_large_image","twitter_misc":{"Gesch\u00e4tzte Lesezeit":"1\u00a0Minute"},"schema":{"@context":"https:\/\/schema.org","@graph":[{"@type":"WebPage","@id":"https:\/\/mayer.fichtelberggast.eu\/index.php\/impressum\/","url":"https:\/\/mayer.fichtelberggast.eu\/index.php\/impressum\/","name":"Impressum - Fr\u00fcchte im Glas","isPartOf":{"@id":"https:\/\/mayer.fichtelberggast.eu\/#website"},"datePublished":"2026-01-03T11:04:29+00:00","dateModified":"2026-01-03T11:05:52+00:00","breadcrumb":{"@id":"https:\/\/mayer.fichtelberggast.eu\/index.php\/impressum\/#breadcrumb"},"inLanguage":"de","potentialAction":[{"@type":"ReadAction","target":["https:\/\/mayer.fichtelberggast.eu\/index.php\/impressum\/"]}]},{"@type":"BreadcrumbList","@id":"https:\/\/mayer.fichtelberggast.eu\/index.php\/impressum\/#breadcrumb","itemListElement":[{"@type":"ListItem","position":1,"name":"Kezd\u0151lap","item":"https:\/\/mayer.fichtelberggast.eu\/"},{"@type":"ListItem","position":2,"name":"Impressum"}]},{"@type":"WebSite","@id":"https:\/\/mayer.fichtelberggast.eu\/#website","url":"https:\/\/mayer.fichtelberggast.eu\/","name":"Fr\u00fcchte im Glas","description":"","potentialAction":[{"@type":"SearchAction","target":{"@type":"EntryPoint","urlTemplate":"https:\/\/mayer.fichtelberggast.eu\/?s={search_term_string}"},"query-input":{"@type":"PropertyValueSpecification","valueRequired":true,"valueName":"search_term_string"}}],"inLanguage":"de"}]}},"jetpack_sharing_enabled":true,"_links":{"self":[{"href":"https:\/\/mayer.fichtelberggast.eu\/index.php\/wp-json\/wp\/v2\/pages\/787","targetHints":{"allow":["GET"]}}],"collection":[{"href":"https:\/\/mayer.fichtelberggast.eu\/index.php\/wp-json\/wp\/v2\/pages"}],"about":[{"href":"https:\/\/mayer.fichtelberggast.eu\/index.php\/wp-json\/wp\/v2\/types\/page"}],"author":[{"embeddable":true,"href":"https:\/\/mayer.fichtelberggast.eu\/index.php\/wp-json\/wp\/v2\/users\/1"}],"replies":[{"embeddable":true,"href":"https:\/\/mayer.fichtelberggast.eu\/index.php\/wp-json\/wp\/v2\/comments?post=787"}],"version-history":[{"count":7,"href":"https:\/\/mayer.fichtelberggast.eu\/index.php\/wp-json\/wp\/v2\/pages\/787\/revisions"}],"predecessor-version":[{"id":794,"href":"https:\/\/mayer.fichtelberggast.eu\/index.php\/wp-json\/wp\/v2\/pages\/787\/revisions\/794"}],"wp:attachment":[{"href":"https:\/\/mayer.fichtelberggast.eu\/index.php\/wp-json\/wp\/v2\/media?parent=787"}],"curies":[{"name":"wp","href":"https:\/\/api.w.org\/{rel}","templated":true}]}}